{"id":37,"date":"2017-08-21T17:17:48","date_gmt":"2017-08-21T14:17:48","guid":{"rendered":"http:\/\/roboneta.lt\/site\/?page_id=37"},"modified":"2022-01-30T17:14:12","modified_gmt":"2022-01-30T15:14:12","slug":"kontaktai","status":"publish","type":"page","link":"https:\/\/roboneta.lt\/site\/kontaktai\/","title":{"rendered":"Kontaktai"},"content":{"rendered":"<div id=\"f\">\n<div class=\"container\">\n<div class=\"row\">\n<div class=\"col-lg-6 col-lg-offset-3\">\n<p>UAB \u201eRoboneta\u201c, \u012f. k. 304430372<br \/>\nLauk\u0173 g.7, Kuli\u0173 mstl., Plung\u0117s r. sav.<\/p>\n<p>Direktorius<br \/>\nMarijus Mineikis<br \/>\n+370 699 16066<\/p>\n<p>info.roboneta@gmail.com<\/p>\n<p>UAB \u201eRoboneta\u201c &#8211; elektronin\u0117 parduotuv\u0117\u00a0<a href=\"https:\/\/www.automatikosprekes.lt\/\">https:\/\/www.automatikosprekes.lt\/<\/a><\/p>\n<\/div>\n<\/div>\n<\/div>\n<\/div>\n","protected":false},"excerpt":{"rendered":"<p>UAB \u201eRoboneta\u201c, \u012f. k. 304430372 Lauk\u0173 g.7, Kuli\u0173 mstl., Plung\u0117s r. sav. Direktorius Marijus Mineikis +370 699 16066 info.roboneta@gmail.com UAB \u201eRoboneta\u201c &#8211; elektronin\u0117 parduotuv\u0117\u00a0https:\/\/www.automatikosprekes.lt\/<\/p>\n","protected":false},"author":1,"featured_media":0,"parent":0,"menu_order":5,"comment_status":"closed","ping_status":"closed","template":"","meta":[],"_links":{"self":[{"href":"https:\/\/roboneta.lt\/site\/wp-json\/wp\/v2\/pages\/37"}],"collection":[{"href":"https:\/\/roboneta.lt\/site\/wp-json\/wp\/v2\/pages"}],"about":[{"href":"https:\/\/roboneta.lt\/site\/wp-json\/wp\/v2\/types\/page"}],"author":[{"embeddable":true,"href":"https:\/\/roboneta.lt\/site\/wp-json\/wp\/v2\/users\/1"}],"replies":[{"embeddable":true,"href":"https:\/\/roboneta.lt\/site\/wp-json\/wp\/v2\/comments?post=37"}],"version-history":[{"count":10,"href":"https:\/\/roboneta.lt\/site\/wp-json\/wp\/v2\/pages\/37\/revisions"}],"predecessor-version":[{"id":575,"href":"https:\/\/roboneta.lt\/site\/wp-json\/wp\/v2\/pages\/37\/revisions\/575"}],"wp:attachment":[{"href":"https:\/\/roboneta.lt\/site\/wp-json\/wp\/v2\/media?parent=37"}],"curies":[{"name":"wp","href":"https:\/\/api.w.org\/{rel}","templated":true}]}}