{"id":33,"date":"2017-08-21T17:16:22","date_gmt":"2017-08-21T14:16:22","guid":{"rendered":"http:\/\/roboneta.lt\/site\/?page_id=33"},"modified":"2017-10-11T18:05:56","modified_gmt":"2017-10-11T15:05:56","slug":"apie-mus","status":"publish","type":"page","link":"https:\/\/roboneta.lt\/site\/","title":{"rendered":"Apie mus"},"content":{"rendered":"<div id=\"f\">\n<div class=\"container\">\n<div class=\"row\">\n<div id=\"f\">\n<div class=\"container\">\n<div class=\"row\">\n<div class=\"col-lg-6 col-lg-offset-3\">\n<ul>\n<li>Mes bendradarbiaujame su detali\u0173 tiekimo atstovais lietuvoje ir u\u017esienyje, tod\u0117l pateiksime Jums patraukl\u0173, konkurencing\u0105 pasi\u016blym\u0105. Taip pat mes \u0161ias detales gal\u0117sime sumontuoti. Sureguliuoti, sukalibruoti stakles, \u012frengimus.<\/li>\n<li>M\u016bs\u0173 \u012fmon\u0117s atstovai atvyk\u0119 pas Jus ap\u017ei\u016br\u0117s J\u016bs\u0173 \u012frengimus \u012fvertins j\u0173 b\u016bkl\u0119, i\u0161siai\u0161kins pramon\u0117s ma\u0161in\u0173 gedim\u0173 prie\u017eastis. Mes parengsime Jums projekt\u0105 su pasi\u016blymais, kokias detales reik\u0117t\u0173 pakeisti, ar tur\u0117ti atsargoje.<\/li>\n<li>Atvyk\u0119 pas Jus ir i\u0161klaus\u0119 J\u016bs\u0173 pageidavimus, l\u016bkes\u010dius i\u0161 pramon\u0117s ma\u0161in\u0173. Mes parengsime ma\u0161in\u0173 automatizavimo projekt\u0105, kad atitikt\u0173 J\u016bs\u0173 norim\u0105 darbo na\u0161um\u0105.<!-- TODO: delete me: --><\/li>\n<li>Jeigu turite klausim\u0173 susiekite su mumis Jums patogiu b\u016bdu, maloniai, laukiame.<\/li>\n<\/ul>\n<\/div>\n<\/div>\n<\/div>\n<\/div>\n<\/div>\n<\/div>\n<\/div>\n","protected":false},"excerpt":{"rendered":"<p>Mes bendradarbiaujame su detali\u0173 tiekimo atstovais lietuvoje ir u\u017esienyje, tod\u0117l pateiksime Jums patraukl\u0173, konkurencing\u0105 pasi\u016blym\u0105. Taip pat mes \u0161ias detales gal\u0117sime sumontuoti. Sureguliuoti, sukalibruoti stakles, \u012frengimus. M\u016bs\u0173 \u012fmon\u0117s atstovai atvyk\u0119 pas Jus ap\u017ei\u016br\u0117s J\u016bs\u0173 \u012frengimus \u012fvertins j\u0173 b\u016bkl\u0119, i\u0161siai\u0161kins pramon\u0117s ma\u0161in\u0173 gedim\u0173 prie\u017eastis. Mes parengsime Jums projekt\u0105 su pasi\u016blymais, kokias detales reik\u0117t\u0173 pakeisti, ar tur\u0117ti &hellip; <a href=\"https:\/\/roboneta.lt\/site\/\" class=\"more-link\">Continue reading <span class=\"screen-reader-text\">Apie mus<\/span> <span class=\"meta-nav\">&rarr;<\/span><\/a><\/p>\n","protected":false},"author":1,"featured_media":0,"parent":0,"menu_order":3,"comment_status":"closed","ping_status":"closed","template":"","meta":[],"_links":{"self":[{"href":"https:\/\/roboneta.lt\/site\/wp-json\/wp\/v2\/pages\/33"}],"collection":[{"href":"https:\/\/roboneta.lt\/site\/wp-json\/wp\/v2\/pages"}],"about":[{"href":"https:\/\/roboneta.lt\/site\/wp-json\/wp\/v2\/types\/page"}],"author":[{"embeddable":true,"href":"https:\/\/roboneta.lt\/site\/wp-json\/wp\/v2\/users\/1"}],"replies":[{"embeddable":true,"href":"https:\/\/roboneta.lt\/site\/wp-json\/wp\/v2\/comments?post=33"}],"version-history":[{"count":1,"href":"https:\/\/roboneta.lt\/site\/wp-json\/wp\/v2\/pages\/33\/revisions"}],"predecessor-version":[{"id":34,"href":"https:\/\/roboneta.lt\/site\/wp-json\/wp\/v2\/pages\/33\/revisions\/34"}],"wp:attachment":[{"href":"https:\/\/roboneta.lt\/site\/wp-json\/wp\/v2\/media?parent=33"}],"curies":[{"name":"wp","href":"https:\/\/api.w.org\/{rel}","templated":true}]}}