{"id":13,"date":"2017-08-10T20:16:11","date_gmt":"2017-08-10T17:16:11","guid":{"rendered":"http:\/\/roboneta.lt\/site\/?page_id=13"},"modified":"2022-01-30T17:02:21","modified_gmt":"2022-01-30T15:02:21","slug":"test","status":"publish","type":"page","link":"https:\/\/roboneta.lt\/site\/test\/","title":{"rendered":"Paslaugos"},"content":{"rendered":"<h3>PRAMON\u0116S \u012eRENGIM\u0172 REMONTAS<\/h3>\n<div style=\"padding-left: 30px;\">\u2022 Pramon\u0117s \u012frengim\u0173 remontas apimantis: automatikos, mechanikos, pneumatikos, hidraulikos, elektros ir elektronikos dalis.<\/div>\n<h3>PRAMON\u0116S \u012eRENGIM\u0172 PROJEKTAVIMAS, KONSTRAVIMAS<\/h3>\n<div style=\"padding-left: 30px;\">\u2022 \u012evairi\u0173 pramon\u0117s \u0161ak\u0173 \u012frengim\u0173 automatin\u0117s ir elektrin\u0117s dalies projektavimas;<br \/>\u2022 Automatikos skyd\u0173 surinkimas, sumontavimas ir pajungimas; <br \/>\u2022 \u012evairi\u0173 pramon\u0117s \u0161ak\u0173 \u012frengim\u0173 automatikos atnaujinimas, papildymas;<br \/>\u2022 Konsultavimas, d\u0117l gamybos optimizavimo.<\/div>\n<h3>ATSARGINI\u0172 DETALI\u0172 TIEKIMAS PRAMON\u0116S \u012eRENGINIAMS<\/h3>\n<p style=\"padding-left: 30px;\">\u2022 Prekyba automatikos komponentais;<br \/>\u2022 Atsargini\u0173 detali\u0173 paie\u0161ka, analogi\u0161k\u0173 detali\u0173 parinkimas;<br \/>\u2022 Atsargini\u0173 detali\u0173 sand\u0117liavimas.<\/p>\n<h3><strong>PRAMON\u0116S INFRASTRUKT\u016aROS PRIE\u017dI\u016aRA<\/strong><\/h3>\n<p>\u00a0 \u00a0 \u00a0 \u2022 Telekomunikacij\u0173, kompiuterini\u0173 tinkl\u0173 prie\u017ei\u016bra, montavimas ir remontas;<br \/>\u00a0 \u00a0 \u00a0\u2022 Elektros tinkl\u0173 prie\u017ei\u016bra, montavimas ir remontas;<br \/>\u00a0 \u00a0 \u00a0\u2022 \u0160aldymo, \u0161ildymo ir v\u0117dinimo sistem\u0173 prie\u017ei\u016bra ir remontas.<\/p>\n<p style=\"padding-left: 30px;\">\u00a0<\/p>\n\n\n<p><\/p>\n","protected":false},"excerpt":{"rendered":"<p>PRAMON\u0116S \u012eRENGIM\u0172 REMONTAS \u2022 Pramon\u0117s \u012frengim\u0173 remontas apimantis: automatikos, mechanikos, pneumatikos, hidraulikos, elektros ir elektronikos dalis. PRAMON\u0116S \u012eRENGIM\u0172 PROJEKTAVIMAS, KONSTRAVIMAS \u2022 \u012evairi\u0173 pramon\u0117s \u0161ak\u0173 \u012frengim\u0173 automatin\u0117s ir elektrin\u0117s dalies projektavimas;\u2022 Automatikos skyd\u0173 surinkimas, sumontavimas ir pajungimas; \u2022 \u012evairi\u0173 pramon\u0117s \u0161ak\u0173 \u012frengim\u0173 automatikos atnaujinimas, papildymas;\u2022 Konsultavimas, d\u0117l gamybos optimizavimo. ATSARGINI\u0172 DETALI\u0172 TIEKIMAS PRAMON\u0116S \u012eRENGINIAMS \u2022 Prekyba &hellip; <a href=\"https:\/\/roboneta.lt\/site\/test\/\" class=\"more-link\">Continue reading <span class=\"screen-reader-text\">Paslaugos<\/span> <span class=\"meta-nav\">&rarr;<\/span><\/a><\/p>\n","protected":false},"author":1,"featured_media":0,"parent":0,"menu_order":1,"comment_status":"closed","ping_status":"closed","template":"","meta":[],"_links":{"self":[{"href":"https:\/\/roboneta.lt\/site\/wp-json\/wp\/v2\/pages\/13"}],"collection":[{"href":"https:\/\/roboneta.lt\/site\/wp-json\/wp\/v2\/pages"}],"about":[{"href":"https:\/\/roboneta.lt\/site\/wp-json\/wp\/v2\/types\/page"}],"author":[{"embeddable":true,"href":"https:\/\/roboneta.lt\/site\/wp-json\/wp\/v2\/users\/1"}],"replies":[{"embeddable":true,"href":"https:\/\/roboneta.lt\/site\/wp-json\/wp\/v2\/comments?post=13"}],"version-history":[{"count":19,"href":"https:\/\/roboneta.lt\/site\/wp-json\/wp\/v2\/pages\/13\/revisions"}],"predecessor-version":[{"id":568,"href":"https:\/\/roboneta.lt\/site\/wp-json\/wp\/v2\/pages\/13\/revisions\/568"}],"wp:attachment":[{"href":"https:\/\/roboneta.lt\/site\/wp-json\/wp\/v2\/media?parent=13"}],"curies":[{"name":"wp","href":"https:\/\/api.w.org\/{rel}","templated":true}]}}